{"id":713,"date":"2014-02-18T17:26:16","date_gmt":"2014-02-18T15:26:16","guid":{"rendered":"http:\/\/koeln-boehm.de\/alfred-homepage\/?page_id=713"},"modified":"2024-09-27T10:12:19","modified_gmt":"2024-09-27T08:12:19","slug":"hauptschule","status":"publish","type":"page","link":"https:\/\/domstadt.org\/?page_id=713","title":{"rendered":"Glasuntersetzer"},"content":{"rendered":"\n<p>Dieses Mal habe ich mich an Glasuntersetzer gewagt. Diese kleinen Projekte bieten eine wunderbare Gelegenheit, mit verschiedenen Farben und Formen zu experimentieren. Jeder Untersetzer ist ein echtes Unikat, und es macht besonders viel Spa\u00df, etwas zu schaffen, das sowohl praktisch als auch \u00e4sthetisch ansprechend ist. Mit Epoxidharz entstehen st\u00e4ndig neue Ideen, und es ist beeindruckend, wie vielseitig die M\u00f6glichkeiten sind \u2013 der Kreativit\u00e4t sind keine Grenzen gesetzt!<\/p>\n\n\n\n<p><a href=\"https:\/\/domstadt.org\/?page_id=3441\" data-type=\"page\" data-id=\"3441\">zu den Bildern:<\/a><\/p>\n","protected":false},"excerpt":{"rendered":"<p>Dieses Mal habe ich mich an Glasuntersetzer gewagt. Diese kleinen\u2026<\/p>\n<p class=\"continue-reading-button\"> <a class=\"continue-reading-link\" href=\"https:\/\/domstadt.org\/?page_id=713\">Weiterlesen<i class=\"crycon-right-dir\"><\/i><\/a><\/p>\n","protected":false},"author":8,"featured_media":0,"parent":0,"menu_order":0,"comment_status":"open","ping_status":"closed","template":"","meta":{"ngg_post_thumbnail":0,"footnotes":""},"class_list":["post-713","page","type-page","status-publish","hentry"],"_links":{"self":[{"href":"https:\/\/domstadt.org\/index.php?rest_route=\/wp\/v2\/pages\/713","targetHints":{"allow":["GET"]}}],"collection":[{"href":"https:\/\/domstadt.org\/index.php?rest_route=\/wp\/v2\/pages"}],"about":[{"href":"https:\/\/domstadt.org\/index.php?rest_route=\/wp\/v2\/types\/page"}],"author":[{"embeddable":true,"href":"https:\/\/domstadt.org\/index.php?rest_route=\/wp\/v2\/users\/8"}],"replies":[{"embeddable":true,"href":"https:\/\/domstadt.org\/index.php?rest_route=%2Fwp%2Fv2%2Fcomments&post=713"}],"version-history":[{"count":7,"href":"https:\/\/domstadt.org\/index.php?rest_route=\/wp\/v2\/pages\/713\/revisions"}],"predecessor-version":[{"id":3443,"href":"https:\/\/domstadt.org\/index.php?rest_route=\/wp\/v2\/pages\/713\/revisions\/3443"}],"wp:attachment":[{"href":"https:\/\/domstadt.org\/index.php?rest_route=%2Fwp%2Fv2%2Fmedia&parent=713"}],"curies":[{"name":"wp","href":"https:\/\/api.w.org\/{rel}","templated":true}]}}