{"id":3934,"date":"2024-12-18T17:09:45","date_gmt":"2024-12-18T15:09:45","guid":{"rendered":"https:\/\/domstadt.org\/?page_id=3934"},"modified":"2024-12-18T17:09:45","modified_gmt":"2024-12-18T15:09:45","slug":"koeln-kollektion","status":"publish","type":"page","link":"https:\/\/domstadt.org\/?page_id=3934","title":{"rendered":"K\u00f6ln-Kollektion"},"content":{"rendered":"\n<p>Es ist wieder soweit. Nach unz\u00e4hligen kreativen Stunden und sorgf\u00e4ltiger Handarbeit pr\u00e4sentiere ich euch voller Stolz meine neueste Kollektion. Dieses Mal dreht sich alles um das Herzst\u00fcck meiner Inspiration unsere wundersch\u00f6ne Stadt K\u00f6ln.<\/p>\n\n\n\n<p>Mit viel Liebe zum Detail und einem tiefen Bezug zur Stadtgeschichte habe ich ikonische Motive gestaltet, die die Seele K\u00f6lns einfangen. Ob der majest\u00e4tische K\u00f6lner Dom, der in seiner Pracht weltbekannt ist, der traditionsreiche K\u00f6ln-Schriftzug in Rot und Wei\u00df oder Hennes, das kultige Maskottchen des 1. FC K\u00f6ln, jedes einzelne Kunstwerk erz\u00e4hlt eine Geschichte, die uns als K\u00f6lner verbindet und bewegt.<\/p>\n\n\n\n<p>Was diese Kollektion besonders macht, ist nicht nur die Detailgenauigkeit, sondern auch die Leidenschaft, die in jedes St\u00fcck eingeflossen ist. Jedes Motiv ist ein Ausdruck meiner Liebe zur Stadt und wurde ausschlie\u00dflich mit dem Ziel gestaltet, die Verbundenheit und den Stolz auf unsere Heimat sichtbar zu machen.<\/p>\n\n\n\n<p><strong>Ein wichtiger Hinweis:<\/strong><br>Alle Arbeiten in dieser Kollektion sind urheberrechtlich gesch\u00fctzt und wurden nur f\u00fcr mich pers\u00f6nlich gefertigt. Sie stehen nicht zum Verkauf und d\u00fcrfen auch nicht kommerziell genutzt werden. Diese Kunstwerke sind ein Ausdruck meiner kreativen Leidenschaft und meines Respekts vor den ikonischen Wahrzeichen und Symbolen K\u00f6lns.<\/p>\n\n\n\n<p>Ich lade euch herzlich ein, einen Blick auf meine neue Kollektion zu werfen. Entdeckt, wie Kunst und Heimatliebe in diesen einzigartigen St\u00fccken verschmelzen, und lasst euch von den Motiven inspirieren.<\/p>\n\n\n\n<p>K\u00f6ln war noch nie so greifbar und f\u00fcr mich bedeutet diese Kollektion mehr als nur Kunst: Sie ist ein St\u00fcck Zuhause.<\/p>\n\n\n\n<p><strong>Wie gef\u00e4llt euch meine Arbeit? Ich freue mich auf euer Feedback!<\/strong><\/p>\n\n\n\n<p><a href=\"https:\/\/domstadt.org\/?page_id=3932\" data-type=\"page\" data-id=\"3932\">zu den Bildern:<\/a><\/p>\n\n\n\n<p><\/p>\n","protected":false},"excerpt":{"rendered":"<p>Es ist wieder soweit. Nach unz\u00e4hligen kreativen Stunden und sorgf\u00e4ltiger\u2026<\/p>\n<p class=\"continue-reading-button\"> <a class=\"continue-reading-link\" href=\"https:\/\/domstadt.org\/?page_id=3934\">Weiterlesen<i class=\"crycon-right-dir\"><\/i><\/a><\/p>\n","protected":false},"author":8,"featured_media":0,"parent":0,"menu_order":0,"comment_status":"open","ping_status":"closed","template":"","meta":{"ngg_post_thumbnail":0,"footnotes":""},"class_list":["post-3934","page","type-page","status-publish","hentry"],"_links":{"self":[{"href":"https:\/\/domstadt.org\/index.php?rest_route=\/wp\/v2\/pages\/3934","targetHints":{"allow":["GET"]}}],"collection":[{"href":"https:\/\/domstadt.org\/index.php?rest_route=\/wp\/v2\/pages"}],"about":[{"href":"https:\/\/domstadt.org\/index.php?rest_route=\/wp\/v2\/types\/page"}],"author":[{"embeddable":true,"href":"https:\/\/domstadt.org\/index.php?rest_route=\/wp\/v2\/users\/8"}],"replies":[{"embeddable":true,"href":"https:\/\/domstadt.org\/index.php?rest_route=%2Fwp%2Fv2%2Fcomments&post=3934"}],"version-history":[{"count":3,"href":"https:\/\/domstadt.org\/index.php?rest_route=\/wp\/v2\/pages\/3934\/revisions"}],"predecessor-version":[{"id":3937,"href":"https:\/\/domstadt.org\/index.php?rest_route=\/wp\/v2\/pages\/3934\/revisions\/3937"}],"wp:attachment":[{"href":"https:\/\/domstadt.org\/index.php?rest_route=%2Fwp%2Fv2%2Fmedia&parent=3934"}],"curies":[{"name":"wp","href":"https:\/\/api.w.org\/{rel}","templated":true}]}}