{"id":3792,"date":"2024-11-08T21:46:27","date_gmt":"2024-11-08T19:46:27","guid":{"rendered":"https:\/\/domstadt.org\/?page_id=3792"},"modified":"2024-11-08T21:46:27","modified_gmt":"2024-11-08T19:46:27","slug":"wanderung-auf-den-spuren-von-dagobert-duck","status":"publish","type":"page","link":"https:\/\/domstadt.org\/?page_id=3792","title":{"rendered":"Wanderung auf den Spuren von Dagobert Duck\u2026"},"content":{"rendered":"\n<p>Gestern war ein ganz besonderer Tag in Entenhausen, jenem legend\u00e4ren Ort bei Overath, in dem Dagobert Ducks Goldenes Tal lag. Hier, umgeben von den dichten W\u00e4ldern und sanften H\u00fcgeln, befanden sich sieben gigantische Goldspeicher, die \u00fcber das gesamte Tal verteilt waren. Der gr\u00f6\u00dfte und pr\u00e4chtigste von allen thronte auf dem Glatzenkogel, wo das Gold in schimmernden Bergen aufeinanderget\u00fcrmt lag und in der Sonne funkelte wie fl\u00fcssiges Feuer.<\/p>\n\n\n\n<p>Doch wie es mit solch sagenhaften Reicht\u00fcmern ist, ziehen sie unweigerlich Neider und Diebe an. Zwei ber\u00fcchtigte Gestalten aus K\u00f6ln, die Br\u00fcder Heinrich Sch\u00e4fer, besser bekannt als Sch\u00e4fers Nas, und sein einf\u00e4ltiger Gef\u00e4hrte Anton Dumm, der sich Dummse T\u00fcnn nannte, &nbsp;h\u00f6rten von den goldenen Sch\u00e4tzen und fassten den k\u00fchnen Entschluss, Dagoberts Verm\u00f6gen zu rauben.<\/p>\n\n\n\n<p>Ihr Abenteuer begann mit dem Aufbau eines geheimen Hauptquartiers in einer einsamen H\u00fctte tief im Wald rund um Overath. Dort schmiedeten sie mit unerm\u00fcdlicher Hingabe Pl\u00e4ne, um dem schlauen Dagobert Duck sein Gold zu entwenden. Als sicheren Unterschlupf f\u00fcr zwischendurch richteten sie sich auch einen alten, unauff\u00e4lligen Bauwagen ein, der gut versteckt am Rande eines verschlungenen Pfades stand. Zwischen H\u00fctte und Bauwagen pendelten die Br\u00fcder mit ihrer klapprigen Rostlaube, die knarrend und ratternd durch das Tal fuhr und bis heute kann man auf einer Wanderung durch das Tal die \u00dcberreste dieses kuriosen Gef\u00e4hrts entdecken.<\/p>\n\n\n\n<p>Doch Dagobert Duck war ein erfahrener und weiser Fuchs, der den Schutz seines Goldes niemals dem Zufall \u00fcberlie\u00df. Immer wachsam und klug, bemerkte er bald die finsteren Pl\u00e4ne der Diebe. So rief er Helfer herbei, die ihm mit wachsamen Augen und scharfem Verstand zur Seite standen. In den n\u00e4chtlichen Stunden waren es die Eulen, die wie Schatten \u00fcber das Tal glitten und jede Bewegung unter ihrem scharfen Blick registrierten. Doch am bedeutendsten war der W\u00e4chter des Tals: ein riesiger H\u00fcne, der hoch oben auf einer Kuppe sa\u00df. Kein Augenblick entging ihm, kein Windhauch lie\u00df ihn seine Aufmerksamkeit von den Goldspeichern abwenden.<\/p>\n\n\n\n<p>So kam es, dass Sch\u00e4fers Nas und Dummse T\u00fcnn in all ihren Pl\u00e4nen immer wieder scheiterten. Ihre listigen Man\u00f6ver und n\u00e4chtlichen Schleichg\u00e4nge endeten stets mit einer schallenden Ohrfeige des Schicksals \u2013 mal war es eine kreischende Eule, die sie aufscheuchte, mal der donnernde Blick des Riesen, der ihnen das Blut in den Adern gefrieren lie\u00df. Und so blieb Dagoberts Gold unangetastet und sein Geheimversteck, selbst nach all den Jahren, ein ungel\u00f6stes R\u00e4tsel, das nur den Geschichten und Tr\u00e4umen vorbehalten bleibt.<\/p>\n\n\n\n<p>Wer heute durch das Tal wandert, mag noch die \u00dcberreste der H\u00fctte sehen, die Br\u00fcder Sch\u00e4fers Nas und Dummse T\u00fcnn einst bewohnten. Der alte Bauwagen und die rostige Karosse erz\u00e4hlen stumme Geschichten von einem wagemutigen Diebstahl, der niemals gelang &nbsp;und von einem klugen Fuchs, der sein Gold bis heute sicher verborgen h\u00e4lt. So bleibt das Goldene Tal ein Mysterium und l\u00e4dt Abenteurer ein, auf eigene Faust das Geheimnis um Dagobert Ducks verschwundenen Schatz zu l\u00fcften.<\/p>\n\n\n\n<p><a href=\"https:\/\/domstadt.org\/?page_id=3779\" data-type=\"page\" data-id=\"3779\">die Bilder gibt es hier:<\/a><\/p>\n\n\n\n<p>Liebe Gr\u00fc\u00dfe<\/p>\n\n\n\n<p>Alfred<\/p>\n","protected":false},"excerpt":{"rendered":"<p>Gestern war ein ganz besonderer Tag in Entenhausen, jenem legend\u00e4ren\u2026<\/p>\n<p class=\"continue-reading-button\"> <a class=\"continue-reading-link\" href=\"https:\/\/domstadt.org\/?page_id=3792\">Weiterlesen<i class=\"crycon-right-dir\"><\/i><\/a><\/p>\n","protected":false},"author":8,"featured_media":0,"parent":0,"menu_order":0,"comment_status":"open","ping_status":"closed","template":"","meta":{"ngg_post_thumbnail":0,"footnotes":""},"class_list":["post-3792","page","type-page","status-publish","hentry"],"_links":{"self":[{"href":"https:\/\/domstadt.org\/index.php?rest_route=\/wp\/v2\/pages\/3792","targetHints":{"allow":["GET"]}}],"collection":[{"href":"https:\/\/domstadt.org\/index.php?rest_route=\/wp\/v2\/pages"}],"about":[{"href":"https:\/\/domstadt.org\/index.php?rest_route=\/wp\/v2\/types\/page"}],"author":[{"embeddable":true,"href":"https:\/\/domstadt.org\/index.php?rest_route=\/wp\/v2\/users\/8"}],"replies":[{"embeddable":true,"href":"https:\/\/domstadt.org\/index.php?rest_route=%2Fwp%2Fv2%2Fcomments&post=3792"}],"version-history":[{"count":1,"href":"https:\/\/domstadt.org\/index.php?rest_route=\/wp\/v2\/pages\/3792\/revisions"}],"predecessor-version":[{"id":3793,"href":"https:\/\/domstadt.org\/index.php?rest_route=\/wp\/v2\/pages\/3792\/revisions\/3793"}],"wp:attachment":[{"href":"https:\/\/domstadt.org\/index.php?rest_route=%2Fwp%2Fv2%2Fmedia&parent=3792"}],"curies":[{"name":"wp","href":"https:\/\/api.w.org\/{rel}","templated":true}]}}