{"id":3689,"date":"2024-10-22T17:39:20","date_gmt":"2024-10-22T15:39:20","guid":{"rendered":"https:\/\/domstadt.org\/?page_id=3689"},"modified":"2024-11-08T21:29:11","modified_gmt":"2024-11-08T19:29:11","slug":"nostalgie-pur","status":"publish","type":"page","link":"https:\/\/domstadt.org\/?page_id=3689","title":{"rendered":"Nostalgie pur\u2026"},"content":{"rendered":"\n<p>An einem strahlenden Sonnentag machten wir uns wieder auf den Weg \u2013 dieses Mal f\u00fchrte uns unsere Wanderung nach Dabringhausen bei Wermelskirchen. Die bergische Landschaft begr\u00fc\u00dfte uns, wie sie es immer tat, mit ihren verwunschenen Pfaden, die sich durch dichte W\u00e4lder und \u00fcber sanfte H\u00fcgel schl\u00e4ngelten. Es war die Art von Tag, an dem man das Gef\u00fchl hatte, die Natur w\u00fcrde einem Geschichten aus vergangenen Zeiten zufl\u00fcstern.<\/p>\n\n\n\n<p>Die ersten Stunden unserer Wanderung verliefen wie gewohnt. \u00dcber Stock und Stein, begleitet vom Zwitschern der V\u00f6gel und dem Rascheln des Laubs unter unseren F\u00fc\u00dfen, genossen wir die Ruhe und Abgeschiedenheit. Doch nach etwa drei Stunden, als die Sonne bereits ihren Zenit \u00fcberschritten hatte, erreichten wir ein kleines, verschlafenes Dorf. Auf den ersten Blick wirkte es wie viele andere D\u00f6rfer in dieser Region \u2013 ruhig, friedlich und irgendwie zeitlos. Doch dann entdeckten wir es: ein M\u00fcnzfernsprecher.<\/p>\n\n\n\n<p>\u201eSchau mal!\u201c, rief einer von uns \u00fcberrascht. \u201eDen hatte ich ja v\u00f6llig vergessen!\u201c<\/p>\n\n\n\n<p>Schon aus der Ferne erkannten wir den gelblichen Kasten, der uns wie eine Br\u00fccke in die Vergangenheit vorkam. Als wir n\u00e4her kamen, lasen wir die verblassten Aufschriften. Ein echtes Relikt aus der Zeit, als es noch die \u201ePost\u201c gab, bevor die heutige Telekom ihren Namen \u00fcbernahm. Es war, als h\u00e4tten wir einen versteckten Schatz entdeckt \u2013 ein St\u00fcck Geschichte, das so viele Erinnerungen an das Warten auf ein Gespr\u00e4ch und das Klappern der M\u00fcnzen hervorrief.<\/p>\n\n\n\n<p>Doch das war noch nicht alles. Direkt neben dem Fernsprecher stand ein Zigarettenautomat \u2013 und was f\u00fcr einer! Die Preise? Eine Schachtel Zigaretten f\u00fcr 1 Deutsche Mark! Wir starrten ungl\u00e4ubig auf den Automaten, als h\u00e4tten wir ein Fenster zu einer anderen Zeit ge\u00f6ffnet. Es war, als w\u00e4ren wir pl\u00f6tzlich in unserer Kindheit gelandet, in einer Zeit, in der man sich noch um jeden Pfennig Gedanken machte und die Welt ein wenig langsamer zu sein schien.<\/p>\n\n\n\n<p>Unsere Entdeckungen f\u00fchrten uns weiter durch das Dorf, das uns immer mehr wie ein Museum unter freiem Himmel vorkam. Dort war eine alte Parkuhr, die f\u00fcr 20 Pfennige ganze 60 Minuten Parkzeit anbot. So etwas hatte man seit Jahren nicht mehr gesehen! Wir lachten und erz\u00e4hlten uns Geschichten dar\u00fcber, wie wir damals unsere ersten M\u00fcnzen in solche Automaten geworfen hatten, um das Auto unserer Eltern zu parken.<\/p>\n\n\n\n<p>Und dann war da noch der Kaugummiautomat. Fast an jeder Ecke hatten sie fr\u00fcher gehangen, diese kleinen K\u00e4sten voller bunter Kaugummis, die nur ein paar Pfennige kosteten. Auch dieser Automat stand noch dort, leicht verrostet, aber immer noch funktionst\u00fcchtig. Er war zwar inzwischen auf Cent umger\u00fcstet worden, doch sein Charme blieb ungebrochen. F\u00fcr einen Moment \u00fcberlegten wir, ob wir nicht eine M\u00fcnze hineinwerfen sollten, nur um das Gef\u00fchl von damals noch einmal zu erleben.<\/p>\n\n\n\n<p>Dieser Ort war eine echte Zeitkapsel. Es f\u00fchlte sich an, als h\u00e4tte die Zeit hier einfach angehalten, als w\u00e4ren die Dinge unver\u00e4ndert geblieben, w\u00e4hrend die Welt um sie herum schneller und moderner wurde. Die Nostalgie, die uns auf dieser Wanderung umgab, war so intensiv, dass wir f\u00fcr einen Moment verga\u00dfen, wo wir uns eigentlich befanden. Es war, als w\u00e4ren wir auf magische Weise in unsere Kindheit zur\u00fcckversetzt worden, in eine Zeit, in der das Leben einfacher und die Welt ein bisschen kleiner war.<\/p>\n\n\n\n<p>Am Ende unserer Wanderung verlie\u00dfen wir das Dorf mit einem L\u00e4cheln im Gesicht. Die Erinnerung an diesen Tag, an diese kleinen Momente der Vergangenheit, w\u00fcrde uns noch lange begleiten. Es war mehr als nur eine Wanderung \u2013 es war eine Reise in eine vergessene Zeit, die uns auf die wunderbarste Weise \u00fcberrascht hatte.<\/p>\n\n\n\n<p><a href=\"https:\/\/domstadt.org\/?page_id=3691\" data-type=\"page\" data-id=\"3691\">die Bilder gibt es hier:<\/a><\/p>\n\n\n\n<p>Liebe Gr\u00fc\u00df<\/p>\n\n\n\n<p>Alfred<\/p>\n","protected":false},"excerpt":{"rendered":"<p>An einem strahlenden Sonnentag machten wir uns wieder auf den\u2026<\/p>\n<p class=\"continue-reading-button\"> <a class=\"continue-reading-link\" href=\"https:\/\/domstadt.org\/?page_id=3689\">Weiterlesen<i class=\"crycon-right-dir\"><\/i><\/a><\/p>\n","protected":false},"author":8,"featured_media":0,"parent":0,"menu_order":0,"comment_status":"open","ping_status":"closed","template":"","meta":{"ngg_post_thumbnail":0,"footnotes":""},"class_list":["post-3689","page","type-page","status-publish","hentry"],"_links":{"self":[{"href":"https:\/\/domstadt.org\/index.php?rest_route=\/wp\/v2\/pages\/3689","targetHints":{"allow":["GET"]}}],"collection":[{"href":"https:\/\/domstadt.org\/index.php?rest_route=\/wp\/v2\/pages"}],"about":[{"href":"https:\/\/domstadt.org\/index.php?rest_route=\/wp\/v2\/types\/page"}],"author":[{"embeddable":true,"href":"https:\/\/domstadt.org\/index.php?rest_route=\/wp\/v2\/users\/8"}],"replies":[{"embeddable":true,"href":"https:\/\/domstadt.org\/index.php?rest_route=%2Fwp%2Fv2%2Fcomments&post=3689"}],"version-history":[{"count":3,"href":"https:\/\/domstadt.org\/index.php?rest_route=\/wp\/v2\/pages\/3689\/revisions"}],"predecessor-version":[{"id":3786,"href":"https:\/\/domstadt.org\/index.php?rest_route=\/wp\/v2\/pages\/3689\/revisions\/3786"}],"wp:attachment":[{"href":"https:\/\/domstadt.org\/index.php?rest_route=%2Fwp%2Fv2%2Fmedia&parent=3689"}],"curies":[{"name":"wp","href":"https:\/\/api.w.org\/{rel}","templated":true}]}}