{"id":3662,"date":"2024-10-20T19:12:39","date_gmt":"2024-10-20T17:12:39","guid":{"rendered":"https:\/\/domstadt.org\/?page_id=3662"},"modified":"2024-11-08T21:30:05","modified_gmt":"2024-11-08T19:30:05","slug":"ein-herbsttag-in-dahlhausen-a-d-wupper","status":"publish","type":"page","link":"https:\/\/domstadt.org\/?page_id=3662","title":{"rendered":"Ein Herbsttag in Dahlhausen a.d.Wupper"},"content":{"rendered":"\n<p>Heute haben wir einen herrlichen Ausflug nach Dahlhausen an der Wupper unternommen. Ein besonderes Highlight war die alte Tuchfabrik, die bis 1992 in Betrieb war. Dieses geschichtstr\u00e4chtige Geb\u00e4ude hat uns einen faszinierenden Einblick in die Industriegeschichte der Region gegeben. Wenn du mehr sehen m\u00f6chtest, findest du die Bilder \u00fcber den Link unter dem Text.<\/p>\n\n\n\n<p>Nicht weit entfernt befindet sich ein alter Bahnhof, der heute von einem Verein betreut wird. Leider blieb uns der Anblick der historischen Dampflok verwehrt, da sie aufgrund des Herbstwetters sicher im Schuppen verstaut wurde. Trotzdem konnten wir einige der alten Waggons bestaunen, die nostalgische Erinnerungen an vergangene Zeiten wachrufen.<\/p>\n\n\n\n<p>Unser Spaziergang f\u00fchrte uns weiter durch die malerischen W\u00e4lder rund um Dahlhausen. Die Natur zeigte sich von ihrer sch\u00f6nsten Seite \u2013 die Herbstbl\u00e4tter in leuchtenden Farben, der Duft der feuchten Erde und die Ruhe des Waldes machten diesen Tag zu einem besonderen Erlebnis. Doch die gr\u00f6\u00dfte \u00dcberraschung wartete bei der Obersten M\u00fchle auf uns.<\/p>\n\n\n\n<p>Hier entdeckten wir merkw\u00fcrdige Holzfiguren, die am Stra\u00dfenrand und in der N\u00e4he des Weges standen. Eine Figur, die uns sofort ins Auge fiel, wirkt geheimnisvoll und fast ein wenig skurril \u2013 sie steht am Rand der Stra\u00dfe und scheint die Passanten zu beobachten. Aber der eigentliche Schatz lag etwas abseits im Gras: eine h\u00f6lzerne Jungfrau, die schon stark \u00fcberwuchert ist. Sie scheint, als w\u00fcrde sie langsam von der Natur zur\u00fcckerobert. Die Wurzeln und das Moos greifen nach ihr, und sie wirkt, als geh\u00f6re sie mehr zum Wald als zum Menschen. Dieses Bild hatte etwas Magisches \u2013 fast, als h\u00e4tten wir eine versteckte M\u00e4rchenfigur gefunden.<\/p>\n\n\n\n<p>Insgesamt war es ein fantastischer Tag voller kleiner Entdeckungen und \u00dcberraschungen. Die Mischung aus Industriegeschichte, Natur und diesen mysteri\u00f6sen Holzfiguren hat uns wirklich beeindruckt. Die herbstliche Stimmung hat den Tag perfekt abgerundet, und wir konnten jede Menge Inspiration mitnehmen.<\/p>\n\n\n\n<p>Schau dir die Bilder an und lass dich von unserer Reise nach Dahlhausen an der Wupper inspirieren. Vielleicht entdeckst du ja auch etwas, das deine Fantasie anregt!<\/p>\n\n\n\n<p><a href=\"https:\/\/domstadt.org\/?page_id=3684\" data-type=\"page\" data-id=\"3684\">die Bilder gibt es hier:<\/a><\/p>\n\n\n\n<p>Liebe Gr\u00fc\u00dfe<\/p>\n\n\n\n<p>Alfred<\/p>\n","protected":false},"excerpt":{"rendered":"<p>Heute haben wir einen herrlichen Ausflug nach Dahlhausen an der\u2026<\/p>\n<p class=\"continue-reading-button\"> <a class=\"continue-reading-link\" href=\"https:\/\/domstadt.org\/?page_id=3662\">Weiterlesen<i class=\"crycon-right-dir\"><\/i><\/a><\/p>\n","protected":false},"author":8,"featured_media":0,"parent":0,"menu_order":0,"comment_status":"open","ping_status":"closed","template":"","meta":{"ngg_post_thumbnail":0,"footnotes":""},"class_list":["post-3662","page","type-page","status-publish","hentry"],"_links":{"self":[{"href":"https:\/\/domstadt.org\/index.php?rest_route=\/wp\/v2\/pages\/3662","targetHints":{"allow":["GET"]}}],"collection":[{"href":"https:\/\/domstadt.org\/index.php?rest_route=\/wp\/v2\/pages"}],"about":[{"href":"https:\/\/domstadt.org\/index.php?rest_route=\/wp\/v2\/types\/page"}],"author":[{"embeddable":true,"href":"https:\/\/domstadt.org\/index.php?rest_route=\/wp\/v2\/users\/8"}],"replies":[{"embeddable":true,"href":"https:\/\/domstadt.org\/index.php?rest_route=%2Fwp%2Fv2%2Fcomments&post=3662"}],"version-history":[{"count":4,"href":"https:\/\/domstadt.org\/index.php?rest_route=\/wp\/v2\/pages\/3662\/revisions"}],"predecessor-version":[{"id":3787,"href":"https:\/\/domstadt.org\/index.php?rest_route=\/wp\/v2\/pages\/3662\/revisions\/3787"}],"wp:attachment":[{"href":"https:\/\/domstadt.org\/index.php?rest_route=%2Fwp%2Fv2%2Fmedia&parent=3662"}],"curies":[{"name":"wp","href":"https:\/\/api.w.org\/{rel}","templated":true}]}}