{"id":36,"date":"2014-02-03T15:55:59","date_gmt":"2014-02-03T13:55:59","guid":{"rendered":"http:\/\/koeln-boehm.de\/alfred-homepage\/?page_id=36"},"modified":"2024-10-13T15:24:13","modified_gmt":"2024-10-13T13:24:13","slug":"twest-2","status":"publish","type":"page","link":"https:\/\/domstadt.org\/?page_id=36","title":{"rendered":"Gummib\u00e4rchen"},"content":{"rendered":"<p>Zuerst habe ich ein Negativ von dem Gummib\u00e4rchen aus Kautschuk erstellt, und jetzt kann ich die Gummib\u00e4rchen nach Belieben in jeder Farbe vervielf\u00e4ltigen. Es ist faszinierend, wie einfach es ist, mit Epoxidharz eigene Kreationen zu gestalten und diese in verschiedenen Varianten nachzubilden. So kann ich die bunten Gummib\u00e4rchen in jeder gew\u00fcnschten Farbe an meinen K\u00fchlschrank h\u00e4ngen \u2013 ein echtes Highlight, das den Raum noch lebendiger macht!<\/p>\n\n\n<p><a href=\"https:\/\/domstadt.org\/?page_id=3629\" data-type=\"page\" data-id=\"3629\">zu den Bildern<\/a><\/p>\n\n\n\n<p><\/p>\n","protected":false},"excerpt":{"rendered":"<p>Zuerst habe ich ein Negativ von dem Gummib\u00e4rchen aus Kautschuk\u2026<\/p>\n<p class=\"continue-reading-button\"> <a class=\"continue-reading-link\" href=\"https:\/\/domstadt.org\/?page_id=36\">Weiterlesen<i class=\"crycon-right-dir\"><\/i><\/a><\/p>\n","protected":false},"author":8,"featured_media":0,"parent":0,"menu_order":0,"comment_status":"open","ping_status":"closed","template":"","meta":{"ngg_post_thumbnail":0,"footnotes":""},"class_list":["post-36","page","type-page","status-publish","hentry"],"_links":{"self":[{"href":"https:\/\/domstadt.org\/index.php?rest_route=\/wp\/v2\/pages\/36","targetHints":{"allow":["GET"]}}],"collection":[{"href":"https:\/\/domstadt.org\/index.php?rest_route=\/wp\/v2\/pages"}],"about":[{"href":"https:\/\/domstadt.org\/index.php?rest_route=\/wp\/v2\/types\/page"}],"author":[{"embeddable":true,"href":"https:\/\/domstadt.org\/index.php?rest_route=\/wp\/v2\/users\/8"}],"replies":[{"embeddable":true,"href":"https:\/\/domstadt.org\/index.php?rest_route=%2Fwp%2Fv2%2Fcomments&post=36"}],"version-history":[{"count":8,"href":"https:\/\/domstadt.org\/index.php?rest_route=\/wp\/v2\/pages\/36\/revisions"}],"predecessor-version":[{"id":3631,"href":"https:\/\/domstadt.org\/index.php?rest_route=\/wp\/v2\/pages\/36\/revisions\/3631"}],"wp:attachment":[{"href":"https:\/\/domstadt.org\/index.php?rest_route=%2Fwp%2Fv2%2Fmedia&parent=36"}],"curies":[{"name":"wp","href":"https:\/\/api.w.org\/{rel}","templated":true}]}}