{"id":3582,"date":"2024-10-11T11:00:57","date_gmt":"2024-10-11T09:00:57","guid":{"rendered":"https:\/\/domstadt.org\/?page_id=3582"},"modified":"2024-10-26T14:57:00","modified_gmt":"2024-10-26T12:57:00","slug":"kuriose-unerwartete-begegnungen-und-seltsame-entdeckungen","status":"publish","type":"page","link":"https:\/\/domstadt.org\/?page_id=3582","title":{"rendered":"Geschichten von Unterwegs&#8230;"},"content":{"rendered":"\n<p>Willkommen zu einer ganz besonderen Rubrik meines Blogs! Hier werde ich immer wieder Erlebnisse und Beobachtungen teilen, die mir auf meinen Spazierg\u00e4ngen, Wanderungen oder einfach beim Entdecken meiner Umgebung begegnen. Dabei geht es nicht nur um die klassischen &#8222;sch\u00f6nen&#8220; Erlebnisse \u2013 manchmal stolpere ich \u00fcber etwas Seltsames, Verbl\u00fcffendes oder gar Skurriles, das mich zum Nachdenken bringt, mich zum Schmunzeln veranlasst oder einfach einen Moment innehalten l\u00e4sst. Diese kleinen, oft unerwarteten Begegnungen im Alltag m\u00f6chte ich hier festhalten.<\/p>\n\n\n\n<p>Es gibt diese Momente, die man nicht planen kann. Man geht spazieren, vielleicht auf einem bekannten Pfad, denkt \u00fcber etwas nach oder genie\u00dft einfach die Ruhe, und dann \u2013 ganz pl\u00f6tzlich \u2013 wird man mit etwas v\u00f6llig Unerwartetem konfrontiert: Ein merkw\u00fcrdiges Ger\u00e4usch im Wald, ein einsam am Wegrand stehender alter Schuh, oder vielleicht ein Tier, das sich so unversch\u00e4mt verh\u00e4lt, dass man es kaum glauben kann. Solche Begebenheiten lassen mich oft l\u00e4cheln und machen meine Ausfl\u00fcge zu etwas Besonderem.<\/p>\n\n\n\n<p>Diese neue Rubrik soll genau diesen &#8222;kuriosen&#8220; Momenten gewidmet sein. Vielleicht entdeckst du dabei auch einen neuen Blick auf das, was uns im Alltag umgibt. Die Welt ist voller \u00dcberraschungen, und ich freue mich, dich mit auf meine Entdeckungsreise zu nehmen!<\/p>\n","protected":false},"excerpt":{"rendered":"<p>Willkommen zu einer ganz besonderen Rubrik meines Blogs! Hier werde\u2026<\/p>\n<p class=\"continue-reading-button\"> <a class=\"continue-reading-link\" href=\"https:\/\/domstadt.org\/?page_id=3582\">Weiterlesen<i class=\"crycon-right-dir\"><\/i><\/a><\/p>\n","protected":false},"author":8,"featured_media":0,"parent":0,"menu_order":0,"comment_status":"open","ping_status":"closed","template":"","meta":{"ngg_post_thumbnail":0,"footnotes":""},"class_list":["post-3582","page","type-page","status-publish","hentry"],"_links":{"self":[{"href":"https:\/\/domstadt.org\/index.php?rest_route=\/wp\/v2\/pages\/3582","targetHints":{"allow":["GET"]}}],"collection":[{"href":"https:\/\/domstadt.org\/index.php?rest_route=\/wp\/v2\/pages"}],"about":[{"href":"https:\/\/domstadt.org\/index.php?rest_route=\/wp\/v2\/types\/page"}],"author":[{"embeddable":true,"href":"https:\/\/domstadt.org\/index.php?rest_route=\/wp\/v2\/users\/8"}],"replies":[{"embeddable":true,"href":"https:\/\/domstadt.org\/index.php?rest_route=%2Fwp%2Fv2%2Fcomments&post=3582"}],"version-history":[{"count":3,"href":"https:\/\/domstadt.org\/index.php?rest_route=\/wp\/v2\/pages\/3582\/revisions"}],"predecessor-version":[{"id":3646,"href":"https:\/\/domstadt.org\/index.php?rest_route=\/wp\/v2\/pages\/3582\/revisions\/3646"}],"wp:attachment":[{"href":"https:\/\/domstadt.org\/index.php?rest_route=%2Fwp%2Fv2%2Fmedia&parent=3582"}],"curies":[{"name":"wp","href":"https:\/\/api.w.org\/{rel}","templated":true}]}}