{"id":3557,"date":"2024-10-10T18:12:38","date_gmt":"2024-10-10T16:12:38","guid":{"rendered":"https:\/\/domstadt.org\/?page_id=3557"},"modified":"2024-11-08T21:30:52","modified_gmt":"2024-11-08T19:30:52","slug":"es-gibt-sachen","status":"publish","type":"page","link":"https:\/\/domstadt.org\/?page_id=3557","title":{"rendered":"Es gibt Sachen\u2026"},"content":{"rendered":"\n<p>Verr\u00fcckte Sachen gibt es, das glaubt man nicht. Vor einiger Zeit, als ich gem\u00fctlich durch die Stadt schlenderte, fiel mir so einiges auf, das mich schmunzeln lie\u00df \u2013 teils kurios, teils einfach un\u00fcberlegt.<\/p>\n\n\n\n<p>Da war zum Beispiel dieser Moment, als ich tats\u00e4chlich Spiderman in Aktion erleben durfte. Er schwang sich von Geb\u00e4ude zu Geb\u00e4ude, als w\u00e4re es das Normalste der Welt. Was f\u00fcr ein Anblick \u2013 da f\u00fchlte man sich pl\u00f6tzlich in einem Comicbuch gefangen. Aber war es wirklich Spiderman? Wer wei\u00df. Auf jeden Fall war es aufregend genug, um die Passanten f\u00fcr einen Moment aus ihrem Alltag zu rei\u00dfen.<\/p>\n\n\n\n<p>Ein anderes Kuriosum erwartete mich dann an einer Ampel. An sich nichts Besonderes, sollte man meinen, doch hier schien sich jemand wirklich Gedanken gemacht zu haben \u2013 oder eben doch nicht ganz. Der M\u00fclleimer, den die Stadt aufgestellt hatte, befand sich direkt am \u00dcbergang, so dicht an der Ampel, dass er den Knopf zum Dr\u00fccken fast verdeckte. Wie sollten Rollstuhlfahrer hier blo\u00df rankommen? Da hat wohl jemand nicht bis zum Ende gedacht. Der gute Wille war da, die Umsetzung lie\u00df zu w\u00fcnschen \u00fcbrig.<\/p>\n\n\n\n<p>Und dann noch dieses Schild vor einer schmalen Gasse. Es wies darauf hin, dass der Weg f\u00fcr Fu\u00dfg\u00e4nger und Radfahrer freigegeben ist \u2013 eine gute Sache, sollte man meinen. Aber es war so ungeschickt angebracht, dass es weder mit dem Gedanken an Barrierefreiheit noch an Klimaschutz zu vereinbaren ist. Man denke nur an die Lastenfahrr\u00e4der oder Zwillingskinderwagen, die hier kaum durchkommen. Da fragt man sich schon, ob hier wirklich jemand mitgedacht hat. Oder sehen das andere vielleicht ganz anders?<\/p>\n\n\n\n<p>Also, wenn ihr das n\u00e4chste Mal durch die Stadt lauft, haltet die Augen offen. Es gibt immer etwas, das einen schmunzeln l\u00e4sst \u2013 sei es ein Superheld auf Tour oder Schilder und M\u00fclleimer, die etwas ung\u00fcnstig platziert wurden. Schaut selbst&#8230;<\/p>\n\n\n\n<p><a href=\"https:\/\/domstadt.org\/?page_id=3559\" data-type=\"page\" data-id=\"3559\">die Bilder gibt es hier:<\/a><\/p>\n\n\n\n<p>Lieb Gr\u00fc\u00dfe<\/p>\n\n\n\n<p>Alfred<\/p>\n","protected":false},"excerpt":{"rendered":"<p>Verr\u00fcckte Sachen gibt es, das glaubt man nicht. Vor einiger\u2026<\/p>\n<p class=\"continue-reading-button\"> <a class=\"continue-reading-link\" href=\"https:\/\/domstadt.org\/?page_id=3557\">Weiterlesen<i class=\"crycon-right-dir\"><\/i><\/a><\/p>\n","protected":false},"author":8,"featured_media":0,"parent":0,"menu_order":0,"comment_status":"open","ping_status":"closed","template":"","meta":{"ngg_post_thumbnail":0,"footnotes":""},"class_list":["post-3557","page","type-page","status-publish","hentry"],"_links":{"self":[{"href":"https:\/\/domstadt.org\/index.php?rest_route=\/wp\/v2\/pages\/3557","targetHints":{"allow":["GET"]}}],"collection":[{"href":"https:\/\/domstadt.org\/index.php?rest_route=\/wp\/v2\/pages"}],"about":[{"href":"https:\/\/domstadt.org\/index.php?rest_route=\/wp\/v2\/types\/page"}],"author":[{"embeddable":true,"href":"https:\/\/domstadt.org\/index.php?rest_route=\/wp\/v2\/users\/8"}],"replies":[{"embeddable":true,"href":"https:\/\/domstadt.org\/index.php?rest_route=%2Fwp%2Fv2%2Fcomments&post=3557"}],"version-history":[{"count":3,"href":"https:\/\/domstadt.org\/index.php?rest_route=\/wp\/v2\/pages\/3557\/revisions"}],"predecessor-version":[{"id":3788,"href":"https:\/\/domstadt.org\/index.php?rest_route=\/wp\/v2\/pages\/3557\/revisions\/3788"}],"wp:attachment":[{"href":"https:\/\/domstadt.org\/index.php?rest_route=%2Fwp%2Fv2%2Fmedia&parent=3557"}],"curies":[{"name":"wp","href":"https:\/\/api.w.org\/{rel}","templated":true}]}}