{"id":3533,"date":"2024-10-10T17:26:13","date_gmt":"2024-10-10T15:26:13","guid":{"rendered":"https:\/\/domstadt.org\/?page_id=3533"},"modified":"2024-10-26T15:56:59","modified_gmt":"2024-10-26T13:56:59","slug":"der-garten-und-ich","status":"publish","type":"page","link":"https:\/\/domstadt.org\/?page_id=3533","title":{"rendered":"Das war unser Garten \u2026"},"content":{"rendered":"\n<p>Blumen haben f\u00fcr mich immer eine besondere Bedeutung gehabt. In meinem Garten bl\u00fchten die unterschiedlichsten Sorten und schufen einen farbenfrohen Ort der Ruhe und Inspiration. Hier zeige ich euch ein paar Impressionen aus dieser kleinen Oase, die mir so viel Freude bereitet hat.<\/p>\n\n\n\n<p>Es war ein Ort, an dem ich oft die Seele baumeln lie\u00df, zwischen den duftenden Rosen und den fr\u00f6hlichen Sonnenblumen, die sich stets der Sonne entgegenstreckten. Ich erinnere mich, wie ich die ersten zarten Knospen im Fr\u00fchling beobachtete, die sich vorsichtig \u00f6ffneten, und wie die Farbenpracht im Sommer erbl\u00fchte. Jede Blume erz\u00e4hlte ihre eigene Geschichte und erinnerte mich an die unbeschwerten Tage, die ich dort verbracht habe.<\/p>\n\n\n\n<p>Leider mussten wir umziehen, und damit musste ich auch meinen geliebten Garten zur\u00fccklassen. Manchmal frage ich mich, wie es heute dort wohl aussieht. Sind die Blumen noch so bunt und lebendig wie damals? Wachsen neue Pflanzen, die ich nie ausges\u00e4t habe? Ich hoffe, dass der Garten weiterhin bl\u00fcht und gedeiht, als lebendiges Erinnerungsst\u00fcck an die sch\u00f6nen Momente, die ich dort erleben durfte.<\/p>\n\n\n\n<p>Die Blumen werden immer einen besonderen Platz in meinem Herzen haben, und ich freue mich darauf, eines Tages vielleicht wieder einen eigenen Garten zu gestalten, in dem ich neue Erinnerungen mit Pflanzen und Blumen schaffen kann. Bis dahin bleiben mir die Erinnerungen an die Farben und D\u00fcfte meines alten Gartens, die mich stets begleiten werden.<\/p>\n\n\n\n<p><a href=\"https:\/\/domstadt.org\/?page_id=3535\" data-type=\"page\" data-id=\"3535\">zu den Bilder<\/a><\/p>\n","protected":false},"excerpt":{"rendered":"<p>Blumen haben f\u00fcr mich immer eine besondere Bedeutung gehabt. In\u2026<\/p>\n<p class=\"continue-reading-button\"> <a class=\"continue-reading-link\" href=\"https:\/\/domstadt.org\/?page_id=3533\">Weiterlesen<i class=\"crycon-right-dir\"><\/i><\/a><\/p>\n","protected":false},"author":8,"featured_media":0,"parent":0,"menu_order":0,"comment_status":"open","ping_status":"closed","template":"","meta":{"ngg_post_thumbnail":0,"footnotes":""},"class_list":["post-3533","page","type-page","status-publish","hentry"],"_links":{"self":[{"href":"https:\/\/domstadt.org\/index.php?rest_route=\/wp\/v2\/pages\/3533","targetHints":{"allow":["GET"]}}],"collection":[{"href":"https:\/\/domstadt.org\/index.php?rest_route=\/wp\/v2\/pages"}],"about":[{"href":"https:\/\/domstadt.org\/index.php?rest_route=\/wp\/v2\/types\/page"}],"author":[{"embeddable":true,"href":"https:\/\/domstadt.org\/index.php?rest_route=\/wp\/v2\/users\/8"}],"replies":[{"embeddable":true,"href":"https:\/\/domstadt.org\/index.php?rest_route=%2Fwp%2Fv2%2Fcomments&post=3533"}],"version-history":[{"count":3,"href":"https:\/\/domstadt.org\/index.php?rest_route=\/wp\/v2\/pages\/3533\/revisions"}],"predecessor-version":[{"id":3540,"href":"https:\/\/domstadt.org\/index.php?rest_route=\/wp\/v2\/pages\/3533\/revisions\/3540"}],"wp:attachment":[{"href":"https:\/\/domstadt.org\/index.php?rest_route=%2Fwp%2Fv2%2Fmedia&parent=3533"}],"curies":[{"name":"wp","href":"https:\/\/api.w.org\/{rel}","templated":true}]}}