{"id":3506,"date":"2024-10-10T16:45:26","date_gmt":"2024-10-10T14:45:26","guid":{"rendered":"https:\/\/domstadt.org\/?page_id=3506"},"modified":"2024-10-10T18:27:29","modified_gmt":"2024-10-10T16:27:29","slug":"rubriken","status":"publish","type":"page","link":"https:\/\/domstadt.org\/?page_id=3506","title":{"rendered":"Rubrik"},"content":{"rendered":"\n<p>In meinem Blog versuche ich, die Rubriken so einfach und klar wie m\u00f6glich zu gestalten, damit es f\u00fcr euch nicht zu un\u00fcbersichtlich wird. \u00dcbersichtlichkeit ist mir dabei besonders wichtig, denn ich m\u00f6chte, dass ihr schnell und ohne Umwege die Inhalte findet, die euch interessieren. F\u00fcr Anregungen und Ratschl\u00e4ge habe ich nat\u00fcrlich immer ein offenes Ohr \u2013 eure Ideen und Feedback sind willkommen! Schlie\u00dflich soll der Blog f\u00fcr uns alle ein Ort des Austauschs und der Inspiration sein.<\/p>\n\n\n\n<p><\/p>\n","protected":false},"excerpt":{"rendered":"<p>In meinem Blog versuche ich, die Rubriken so einfach und\u2026<\/p>\n<p class=\"continue-reading-button\"> <a class=\"continue-reading-link\" href=\"https:\/\/domstadt.org\/?page_id=3506\">Weiterlesen<i class=\"crycon-right-dir\"><\/i><\/a><\/p>\n","protected":false},"author":8,"featured_media":0,"parent":0,"menu_order":0,"comment_status":"closed","ping_status":"closed","template":"","meta":{"ngg_post_thumbnail":0,"footnotes":""},"class_list":["post-3506","page","type-page","status-publish","hentry"],"_links":{"self":[{"href":"https:\/\/domstadt.org\/index.php?rest_route=\/wp\/v2\/pages\/3506","targetHints":{"allow":["GET"]}}],"collection":[{"href":"https:\/\/domstadt.org\/index.php?rest_route=\/wp\/v2\/pages"}],"about":[{"href":"https:\/\/domstadt.org\/index.php?rest_route=\/wp\/v2\/types\/page"}],"author":[{"embeddable":true,"href":"https:\/\/domstadt.org\/index.php?rest_route=\/wp\/v2\/users\/8"}],"replies":[{"embeddable":true,"href":"https:\/\/domstadt.org\/index.php?rest_route=%2Fwp%2Fv2%2Fcomments&post=3506"}],"version-history":[{"count":2,"href":"https:\/\/domstadt.org\/index.php?rest_route=\/wp\/v2\/pages\/3506\/revisions"}],"predecessor-version":[{"id":3567,"href":"https:\/\/domstadt.org\/index.php?rest_route=\/wp\/v2\/pages\/3506\/revisions\/3567"}],"wp:attachment":[{"href":"https:\/\/domstadt.org\/index.php?rest_route=%2Fwp%2Fv2%2Fmedia&parent=3506"}],"curies":[{"name":"wp","href":"https:\/\/api.w.org\/{rel}","templated":true}]}}