{"id":3504,"date":"2024-10-10T16:42:51","date_gmt":"2024-10-10T14:42:51","guid":{"rendered":"https:\/\/domstadt.org\/?page_id=3504"},"modified":"2024-10-26T15:58:44","modified_gmt":"2024-10-26T13:58:44","slug":"willkommen-auf-meinem-kreativ-blog","status":"publish","type":"page","link":"https:\/\/domstadt.org\/","title":{"rendered":"Willkommen auf meinem Kreativ-Blog!"},"content":{"rendered":"\n<p>Sch\u00f6n, dass du hier bist! Auf meinem Blog dreht sich alles um kreative Handwerksprojekte, die du selbst ganz leicht nachmachen kannst. Egal, ob du nach neuen Ideen st\u00f6berst oder ein bestimmtes DIY-Projekt umsetzen m\u00f6chtest \u2013 hier findest du sicher etwas Passendes.<\/p>\n\n\n\n<p>Einige meiner Arbeiten sind echte Unikate, die ich speziell f\u00fcr meinen eigenen Gebrauch angefertigt habe. Diese besonderen St\u00fccke, wie Motive rund um den 1. FC K\u00f6ln oder Designs unserer wundersch\u00f6nen Domstadt, sind urheber- oder markenrechtlich gesch\u00fctzt und dienen ausschlie\u00dflich privaten Zwecken, sie sollen dich inspirieren und hoffentlich deine Kreativit\u00e4t genauso wecken wie meine!<\/p>\n\n\n\n<p>Meine handgemachten Werke warten nur darauf, von dir entdeckt zu werden.<\/p>\n\n\n\n<p>Wenn du eine eigene Idee hast, aber nicht genau wei\u00dft, wie du sie umsetzen kannst, schreib mir einfach einen Kommentar. Ich stehe dir gerne zur Seite! Anregungen und kreative Vorschl\u00e4ge sind immer willkommen \u2013 und ich freue mich auch auf deine Meinung zu meinen Projekten.<\/p>\n\n\n\n<p>Also, schnapp dir deine Bastelsachen und lass dich inspirieren. Viel Spa\u00df beim St\u00f6bern, Nachmachen und kreativ werden!<\/p>\n\n\n\n<p>Liebe Gr\u00fc\u00dfe,<br>Alfred<\/p>\n\n\n\n<p><\/p>\n","protected":false},"excerpt":{"rendered":"<p>Sch\u00f6n, dass du hier bist! Auf meinem Blog dreht sich\u2026<\/p>\n<p class=\"continue-reading-button\"> <a class=\"continue-reading-link\" href=\"https:\/\/domstadt.org\/\">Weiterlesen<i class=\"crycon-right-dir\"><\/i><\/a><\/p>\n","protected":false},"author":8,"featured_media":0,"parent":0,"menu_order":0,"comment_status":"open","ping_status":"closed","template":"","meta":{"ngg_post_thumbnail":0,"footnotes":""},"class_list":["post-3504","page","type-page","status-publish","hentry"],"_links":{"self":[{"href":"https:\/\/domstadt.org\/index.php?rest_route=\/wp\/v2\/pages\/3504","targetHints":{"allow":["GET"]}}],"collection":[{"href":"https:\/\/domstadt.org\/index.php?rest_route=\/wp\/v2\/pages"}],"about":[{"href":"https:\/\/domstadt.org\/index.php?rest_route=\/wp\/v2\/types\/page"}],"author":[{"embeddable":true,"href":"https:\/\/domstadt.org\/index.php?rest_route=\/wp\/v2\/users\/8"}],"replies":[{"embeddable":true,"href":"https:\/\/domstadt.org\/index.php?rest_route=%2Fwp%2Fv2%2Fcomments&post=3504"}],"version-history":[{"count":11,"href":"https:\/\/domstadt.org\/index.php?rest_route=\/wp\/v2\/pages\/3504\/revisions"}],"predecessor-version":[{"id":3654,"href":"https:\/\/domstadt.org\/index.php?rest_route=\/wp\/v2\/pages\/3504\/revisions\/3654"}],"wp:attachment":[{"href":"https:\/\/domstadt.org\/index.php?rest_route=%2Fwp%2Fv2%2Fmedia&parent=3504"}],"curies":[{"name":"wp","href":"https:\/\/api.w.org\/{rel}","templated":true}]}}