{"id":3336,"date":"2024-09-26T13:38:56","date_gmt":"2024-09-26T11:38:56","guid":{"rendered":"https:\/\/meine.domstadt.org\/Unikate\/?page_id=3336"},"modified":"2024-10-26T15:25:46","modified_gmt":"2024-10-26T13:25:46","slug":"fc-und-mehr","status":"publish","type":"page","link":"https:\/\/domstadt.org\/?page_id=3336","title":{"rendered":"FC und mehr"},"content":{"rendered":"\n<p>Hier sind einige meiner neuesten Projekte, die von meiner Heimatstadt K\u00f6ln und dem 1. FC K\u00f6ln inspiriert sind. Diese Arbeiten sind, wie immer, rein aus Freude am kreativen Prozess entstanden und keinesfalls f\u00fcr die kommerzielle Vermarktung gedacht. Im Vordergrund steht f\u00fcr mich der Spa\u00df am Erschaffen und die Liebe zu meiner Stadt und meinem Verein.<\/p>\n\n\n\n<p>F\u00fcr diese Projekte habe ich verschiedene Materialien verwendet, die den Werken ihren ganz besonderen Charakter verleihen. Schiefergestein bietet eine nat\u00fcrliche und rustikale Grundlage, die besonders gut zur Tradition und Geschichte K\u00f6lns passt. Das Plexiglas hingegen bringt eine moderne, klare Komponente ins Spiel, was einen spannenden Kontrast ergibt. Diese Kombination aus Alt und Neu spiegelt f\u00fcr mich auch das Bild meiner Heimatstadt wider \u2013 eine Stadt voller Geschichte, die dennoch immer modern und lebendig bleibt.<\/p>\n\n\n\n<p>Besonders stolz bin ich auf die Integration von LED-Lichtern, die ich eingesetzt habe, um bestimmte Details meiner Kreationen hervorzuheben. Durch das Licht werden die Motive, wie der Dom oder das Logo des 1. FC K\u00f6ln, besonders in Szene gesetzt und wirken fast schon lebendig. Das Licht verleiht den Arbeiten nicht nur Tiefe, sondern macht sie auch zu echten Hinguckern \u2013 egal, ob sie im Dunkeln oder bei Tageslicht betrachtet werden.<\/p>\n\n\n\n<p>Diese Projekte bedeuten mir pers\u00f6nlich sehr viel, da sie meine Verbundenheit zu K\u00f6ln und dem 1. FC K\u00f6ln ausdr\u00fccken und gleichzeitig eine tolle M\u00f6glichkeit sind, meine Kreativit\u00e4t auszuleben. Es ist einfach etwas Besonderes, Ideen umzusetzen und dabei die Dinge, die mir wichtig sind, in Kunstwerke zu verwandeln, die sowohl \u00e4sthetisch als auch emotional ansprechend sind.<\/p>\n\n\n\n<p>weiter gehts hier:<\/p>\n\n\n\n<figure class=\"wp-block-image size-large is-resized\"><a href=\"https:\/\/domstadt.org\/wp-content\/uploads\/2024\/09\/888164f1-c1b0-409f-9d56-02a45a1c1b7f.jpg\"><img loading=\"lazy\" decoding=\"async\" width=\"1024\" height=\"461\" src=\"https:\/\/domstadt.org\/wp-content\/uploads\/2024\/09\/888164f1-c1b0-409f-9d56-02a45a1c1b7f-1024x461.jpg\" alt=\"\" class=\"wp-image-3326\" style=\"width:393px;height:auto\" srcset=\"https:\/\/domstadt.org\/wp-content\/uploads\/2024\/09\/888164f1-c1b0-409f-9d56-02a45a1c1b7f-1024x461.jpg 1024w, https:\/\/domstadt.org\/wp-content\/uploads\/2024\/09\/888164f1-c1b0-409f-9d56-02a45a1c1b7f-300x135.jpg 300w, https:\/\/domstadt.org\/wp-content\/uploads\/2024\/09\/888164f1-c1b0-409f-9d56-02a45a1c1b7f-768x346.jpg 768w, https:\/\/domstadt.org\/wp-content\/uploads\/2024\/09\/888164f1-c1b0-409f-9d56-02a45a1c1b7f-150x68.jpg 150w, https:\/\/domstadt.org\/wp-content\/uploads\/2024\/09\/888164f1-c1b0-409f-9d56-02a45a1c1b7f.jpg 1280w\" sizes=\"auto, (max-width: 1024px) 100vw, 1024px\" \/><\/a><\/figure>\n\n\n\n<p><a href=\"https:\/\/domstadt.org\/?page_id=3444\" data-type=\"page\" data-id=\"3444\">zu den Bildern:<\/a><\/p>\n","protected":false},"excerpt":{"rendered":"<p>Hier sind einige meiner neuesten Projekte, die von meiner Heimatstadt\u2026<\/p>\n<p class=\"continue-reading-button\"> <a class=\"continue-reading-link\" href=\"https:\/\/domstadt.org\/?page_id=3336\">Weiterlesen<i class=\"crycon-right-dir\"><\/i><\/a><\/p>\n","protected":false},"author":8,"featured_media":0,"parent":0,"menu_order":0,"comment_status":"open","ping_status":"closed","template":"","meta":{"ngg_post_thumbnail":0,"footnotes":""},"class_list":["post-3336","page","type-page","status-publish","hentry"],"_links":{"self":[{"href":"https:\/\/domstadt.org\/index.php?rest_route=\/wp\/v2\/pages\/3336","targetHints":{"allow":["GET"]}}],"collection":[{"href":"https:\/\/domstadt.org\/index.php?rest_route=\/wp\/v2\/pages"}],"about":[{"href":"https:\/\/domstadt.org\/index.php?rest_route=\/wp\/v2\/types\/page"}],"author":[{"embeddable":true,"href":"https:\/\/domstadt.org\/index.php?rest_route=\/wp\/v2\/users\/8"}],"replies":[{"embeddable":true,"href":"https:\/\/domstadt.org\/index.php?rest_route=%2Fwp%2Fv2%2Fcomments&post=3336"}],"version-history":[{"count":5,"href":"https:\/\/domstadt.org\/index.php?rest_route=\/wp\/v2\/pages\/3336\/revisions"}],"predecessor-version":[{"id":3446,"href":"https:\/\/domstadt.org\/index.php?rest_route=\/wp\/v2\/pages\/3336\/revisions\/3446"}],"wp:attachment":[{"href":"https:\/\/domstadt.org\/index.php?rest_route=%2Fwp%2Fv2%2Fmedia&parent=3336"}],"curies":[{"name":"wp","href":"https:\/\/api.w.org\/{rel}","templated":true}]}}