{"id":2217,"date":"2014-05-28T13:57:23","date_gmt":"2014-05-28T11:57:23","guid":{"rendered":"http:\/\/koeln-boehm.de\/alfred-homepage\/?page_id=2217"},"modified":"2024-09-27T10:57:10","modified_gmt":"2024-09-27T08:57:10","slug":"alfreds-backkuenste","status":"publish","type":"page","link":"https:\/\/domstadt.org\/?page_id=2217","title":{"rendered":"Alfred\u00b4s Backk\u00fcnste"},"content":{"rendered":"<p>Wer liebt sie nicht \u2013 Sahnetorten und Tiramisu? Diese beiden Klassiker der Dessertwelt geh\u00f6ren einfach zu den Highlights jeder Kaffeetafel oder Feier. Ob locker-luftige Tortenb\u00f6den, die mit cremiger Sahne und frischen Fr\u00fcchten verfeinert werden, oder das zartschmelzende Tiramisu mit Mascarpone und einem Hauch von Kaffee \u2013 beide verzaubern die Sinne und machen jeden Moment besonders.<\/p>\n<p>F\u00fcr mich sind Sahnetorten und Tiramisu mehr als nur Nachspeisen. Sie bringen ein St\u00fcck Freude auf den Tisch und laden dazu ein, innezuhalten und den Moment zu genie\u00dfen. Die Kombination aus leichter, fluffiger Sahne und s\u00fc\u00dfem Biskuit oder die verf\u00fchrerische Cremigkeit eines Tiramisus \u2013 es gibt unz\u00e4hlige M\u00f6glichkeiten, diese Desserts zu variieren und immer wieder neu zu entdecken.<\/p>\n<p>Beginnen m\u00f6chte ich mit ein paar Sahnetorten und dem klassischen Tiramisu.<\/p>\n","protected":false},"excerpt":{"rendered":"<p>Wer liebt sie nicht \u2013 Sahnetorten und Tiramisu? Diese beiden\u2026<\/p>\n<p class=\"continue-reading-button\"> <a class=\"continue-reading-link\" href=\"https:\/\/domstadt.org\/?page_id=2217\">Weiterlesen<i class=\"crycon-right-dir\"><\/i><\/a><\/p>\n","protected":false},"author":8,"featured_media":0,"parent":0,"menu_order":0,"comment_status":"open","ping_status":"closed","template":"","meta":{"ngg_post_thumbnail":0,"footnotes":""},"class_list":["post-2217","page","type-page","status-publish","hentry"],"_links":{"self":[{"href":"https:\/\/domstadt.org\/index.php?rest_route=\/wp\/v2\/pages\/2217","targetHints":{"allow":["GET"]}}],"collection":[{"href":"https:\/\/domstadt.org\/index.php?rest_route=\/wp\/v2\/pages"}],"about":[{"href":"https:\/\/domstadt.org\/index.php?rest_route=\/wp\/v2\/types\/page"}],"author":[{"embeddable":true,"href":"https:\/\/domstadt.org\/index.php?rest_route=\/wp\/v2\/users\/8"}],"replies":[{"embeddable":true,"href":"https:\/\/domstadt.org\/index.php?rest_route=%2Fwp%2Fv2%2Fcomments&post=2217"}],"version-history":[{"count":15,"href":"https:\/\/domstadt.org\/index.php?rest_route=\/wp\/v2\/pages\/2217\/revisions"}],"predecessor-version":[{"id":3474,"href":"https:\/\/domstadt.org\/index.php?rest_route=\/wp\/v2\/pages\/2217\/revisions\/3474"}],"wp:attachment":[{"href":"https:\/\/domstadt.org\/index.php?rest_route=%2Fwp%2Fv2%2Fmedia&parent=2217"}],"curies":[{"name":"wp","href":"https:\/\/api.w.org\/{rel}","templated":true}]}}