{"id":2,"date":"2014-02-03T11:55:10","date_gmt":"2014-02-03T09:55:10","guid":{"rendered":"http:\/\/koeln-boehm.de\/alfred-homepage\/?page_id=2"},"modified":"2024-10-20T19:01:57","modified_gmt":"2024-10-20T17:01:57","slug":"beispiel-seite","status":"publish","type":"page","link":"https:\/\/domstadt.org\/?page_id=2","title":{"rendered":"Epoxidharz"},"content":{"rendered":"\n<p>Die Arbeit mit Epoxidharz begeistert mich besonders, da ich damit die M\u00f6glichkeit habe, meine Kreativit\u00e4t ganz nach meinen eigenen Vorstellungen auszuleben. Ohne den Druck, daraus finanzielle Vorteile ziehen zu m\u00fcssen. Mit Epoxidharz kann ich mich auf vielf\u00e4ltige Weise ausdr\u00fccken: Ob es darum geht, pers\u00f6nliche Erinnerungsst\u00fccke in Harz einzubetten und so f\u00fcr die Ewigkeit festzuhalten, individuelle Kunstwerke zu schaffen, die mein Zuhause bereichern, oder einzigartige Geschenke f\u00fcr Freunde und Familie zu gestalten \u2013 die M\u00f6glichkeiten sind nahezu unbegrenzt.<br>Dar\u00fcber hinaus inspiriert mich das Arbeiten mit bestehenden Objekten, die ich durch Kopieren oder Umgestalten in neue Zusammenh\u00e4nge setze, was mir immer wieder frische kreative Impulse gibt. Es geht f\u00fcr mich vor allem darum, ohne \u00e4u\u00dferen Druck zu experimentieren und den kreativen Prozess zu genie\u00dfen.<br><strong>Einige der hier gezeigten Arbeiten sind m\u00f6glicherweise urheber- oder markenrechtlich gesch\u00fctzt und dienen ausschlie\u00dflich privaten Zwecken.<\/strong> Doch das tut meiner Freude am Schaffen keinen Abbruch, denn solange der Spa\u00df und meine k\u00fcnstlerische Freiheit im Vordergrund stehen, kann ich meine Ideen in vollen Z\u00fcgen ausleben \u2013 ganz ohne den kommerziellen Aspekt im Hinterkopf.<\/p>\n\n\n\n<p><\/p>\n","protected":false},"excerpt":{"rendered":"<p>Die Arbeit mit Epoxidharz begeistert mich besonders, da ich damit\u2026<\/p>\n<p class=\"continue-reading-button\"> <a class=\"continue-reading-link\" href=\"https:\/\/domstadt.org\/?page_id=2\">Weiterlesen<i class=\"crycon-right-dir\"><\/i><\/a><\/p>\n","protected":false},"author":8,"featured_media":3412,"parent":0,"menu_order":0,"comment_status":"open","ping_status":"closed","template":"","meta":{"ngg_post_thumbnail":0,"footnotes":""},"class_list":["post-2","page","type-page","status-publish","has-post-thumbnail","hentry"],"_links":{"self":[{"href":"https:\/\/domstadt.org\/index.php?rest_route=\/wp\/v2\/pages\/2","targetHints":{"allow":["GET"]}}],"collection":[{"href":"https:\/\/domstadt.org\/index.php?rest_route=\/wp\/v2\/pages"}],"about":[{"href":"https:\/\/domstadt.org\/index.php?rest_route=\/wp\/v2\/types\/page"}],"author":[{"embeddable":true,"href":"https:\/\/domstadt.org\/index.php?rest_route=\/wp\/v2\/users\/8"}],"replies":[{"embeddable":true,"href":"https:\/\/domstadt.org\/index.php?rest_route=%2Fwp%2Fv2%2Fcomments&post=2"}],"version-history":[{"count":31,"href":"https:\/\/domstadt.org\/index.php?rest_route=\/wp\/v2\/pages\/2\/revisions"}],"predecessor-version":[{"id":3651,"href":"https:\/\/domstadt.org\/index.php?rest_route=\/wp\/v2\/pages\/2\/revisions\/3651"}],"wp:featuredmedia":[{"embeddable":true,"href":"https:\/\/domstadt.org\/index.php?rest_route=\/wp\/v2\/media\/3412"}],"wp:attachment":[{"href":"https:\/\/domstadt.org\/index.php?rest_route=%2Fwp%2Fv2%2Fmedia&parent=2"}],"curies":[{"name":"wp","href":"https:\/\/api.w.org\/{rel}","templated":true}]}}